{"id":22,"date":"2024-12-07T10:13:21","date_gmt":"2024-12-07T10:13:21","guid":{"rendered":"https:\/\/flareintl.com\/?page_id=22"},"modified":"2026-04-18T17:50:16","modified_gmt":"2026-04-18T17:50:16","slug":"services","status":"publish","type":"page","link":"https:\/\/flareintl.com\/pt\/services\/","title":{"rendered":"Servi\u00e7os"},"content":{"rendered":"<section class=\"page-hero\">\n\t<div class=\"hero-dots\"><\/div>\n\t<div class=\"page-hero-content\">\n\t\t<div class=\"eyebrow anim anim-d1\">Servi\u00e7os<\/div>\n\t\t<h1 class=\"anim anim-d2\">Your Global Mobility <strong>Playbook.<\/strong><\/h1>\n\t\t<p class=\"page-hero-desc anim anim-d3\">Whatever your international goal, we have the expertise and network to make it happen.<\/p>\n\t<\/div>\n<\/section>\n\n\n\n<section id=\"what-we-do\" class=\"flare-section\" style=\"background:var(--off-white)\">\n\t<div class=\"container\">\n\t\t<div class=\"services-grid anim\">\n\t\t\t<div class=\"service-item\">\n\t\t\t\t<div class=\"service-icon\">&#127758;<\/div>\n\t\t\t\t<h3>Mudan\u00e7a<\/h3>\n\t\t\t\t<p>Servi\u00e7o completo de gerenciamento de realoca\u00e7\u00e3o. Hospedagem, log\u00edstica, prepara\u00e7\u00e3o legal e suporte para a instala\u00e7\u00e3o em seu novo pa\u00eds.<\/p>\n\t\t\t\t<a href=\"\/pt\/relocation\/\" class=\"service-link\">Saiba mais \u2192<\/a>\n\t\t\t<\/div>\n\t\t\t<div class=\"service-item\">\n\t\t\t\t<div class=\"service-icon\">&#9992;<\/div>\n\t\t\t\t<h3>Viagens e vistos<\/h3>\n\t\t\t\t<p>Visitor visa applications, travel planning, and itinerary management for business or personal travel.<\/p>\n\t\t\t\t<a href=\"\/pt\/travel\/\" class=\"service-link\">Saiba mais \u2192<\/a>\n\t\t\t<\/div>\n\t\t\t<div class=\"service-item\">\n\t\t\t\t<div class=\"service-icon\">&#128274;<\/div>\n\t\t\t\t<h3>Resid\u00eancia e cidadania<\/h3>\n\t\t\t\t<p>Planejamento estrat\u00e9gico e gerenciamento completo do processo de resid\u00eancia permanente e cidadania nos pa\u00edses-alvo.<\/p>\n\t\t\t\t<a href=\"\/pt\/services\/\" class=\"service-link\">Saiba mais \u2192<\/a>\n\t\t\t<\/div>\n\t\t\t<div class=\"service-item\">\n\t\t\t\t<div class=\"service-icon\">&#9878;<\/div>\n\t\t\t\t<h3>Financeiro e jur\u00eddico<\/h3>\n\t\t\t\t<p>Connection to vetted international lawyers, tax advisors, and financial planners for cross-border matters.<\/p>\n\t\t\t\t<a href=\"\/pt\/financial-legal\/\" class=\"service-link\">Saiba mais \u2192<\/a>\n\t\t\t<\/div>\n\t\t\t<div class=\"service-item\">\n\t\t\t\t<div class=\"service-icon\">&#128218;<\/div>\n\t\t\t\t<h3>Guias de pa\u00edses<\/h3>\n\t\t\t\t<p>In-depth written guides covering visa requirements, cost of living, residency pathways, and daily life.<\/p>\n\t\t\t\t<a href=\"\/pt\/resources\/\" class=\"service-link\">Saiba mais \u2192<\/a>\n\t\t\t<\/div>\n\t\t\t<div class=\"service-item\">\n\t\t\t\t<div class=\"service-icon\">&#128187;<\/div>\n\t\t\t\t<h3>Flare Digital Ops<\/h3>\n\t\t\t\t<p>Website design, app development, e-commerce setup, and tech consulting for businesses beyond borders.<\/p>\n\t\t\t\t<a href=\"https:\/\/flaredigitalops.com\/\" class=\"service-link\">Saiba mais \u2192<\/a>\n\t\t\t<\/div>\n\t\t<\/div>\n\t<\/div>\n<\/section>\n\n\n\n<section class=\"cta-band\">\n\t<div class=\"container\">\n\t\t<h2 class=\"anim\">Ready to get <strong>started?<\/strong><\/h2>\n\t\t<p class=\"anim anim-d1\" style=\"font-size:17px;color:rgba(15,58,74,0.75);max-width:520px;margin:0 auto 32px;font-weight:300;line-height:1.8\">Book a free discovery call. We will map out your options together.<\/p>\n\t\t<div class=\"anim anim-d2\" style=\"display:flex;gap:14px;justify-content:center\">\n\t\t\t<a href=\"\/pt\/contact\/\" class=\"btn\" style=\"background:var(--teal-deep);color:#fff\">Marcar uma reuni\u00e3o<\/a>\n\t\t<\/div>\n\t<\/div>\n<\/section>","protected":false},"excerpt":{"rendered":"<p>Services Your Global Mobility Playbook. Whatever your international goal, we have the expertise and network to make it happen. &#127758; Relocation Full-service relocation management. Housing, logistics, legal setup, and settling-in support for your new country. Learn more &rarr; &#9992; Travel &amp; Visas Visitor visa applications, travel planning, and itinerary management for business or personal travel. [&hellip;]<\/p>\n","protected":false},"author":3,"featured_media":0,"parent":0,"menu_order":0,"comment_status":"closed","ping_status":"closed","template":"","meta":{"footnotes":""},"class_list":["post-22","page","type-page","status-publish","hentry"],"yoast_head":"<!-- This site is optimized with the Yoast SEO Premium plugin v21.8 (Yoast SEO v27.5) - https:\/\/yoast.com\/product\/yoast-seo-premium-wordpress\/ -->\n<title>Our Services | Flare International<\/title>\n<meta name=\"description\" content=\"Explore Flare International global mobility services: visa consultation, relocation management, second residency, and citizenship planning.\" \/>\n<meta name=\"robots\" content=\"index, follow, max-snippet:-1, max-image-preview:large, max-video-preview:-1\" \/>\n<link rel=\"canonical\" href=\"https:\/\/flareintl.com\/pt\/services\/\" \/>\n<meta property=\"og:locale\" content=\"pt_BR\" \/>\n<meta property=\"og:type\" content=\"article\" \/>\n<meta property=\"og:title\" content=\"Services\" \/>\n<meta property=\"og:description\" content=\"Explore Flare International global mobility services: visa consultation, relocation management, second residency, and citizenship planning.\" \/>\n<meta property=\"og:url\" content=\"https:\/\/flareintl.com\/pt\/services\/\" \/>\n<meta property=\"og:site_name\" content=\"Flare International\" \/>\n<meta property=\"article:modified_time\" content=\"2026-04-18T17:50:16+00:00\" \/>\n<meta property=\"og:image\" content=\"https:\/\/flareintl.com\/wp-content\/uploads\/2025\/01\/business-people-in-train-station-2024-10-18-07-22-12-utc-scaled.jpg\" \/>\n\t<meta property=\"og:image:width\" content=\"2560\" \/>\n\t<meta property=\"og:image:height\" content=\"1707\" \/>\n\t<meta property=\"og:image:type\" content=\"image\/jpeg\" \/>\n<meta name=\"twitter:card\" content=\"summary_large_image\" \/>\n<meta name=\"twitter:label1\" content=\"Est. tempo de leitura\" \/>\n\t<meta name=\"twitter:data1\" content=\"2 minutos\" \/>\n<script type=\"application\/ld+json\" class=\"yoast-schema-graph\">{\"@context\":\"https:\\\/\\\/schema.org\",\"@graph\":[{\"@type\":\"WebPage\",\"@id\":\"https:\\\/\\\/flareintl.com\\\/services\\\/\",\"url\":\"https:\\\/\\\/flareintl.com\\\/services\\\/\",\"name\":\"Our Services | Flare International\",\"isPartOf\":{\"@id\":\"https:\\\/\\\/flareintl.com\\\/#website\"},\"datePublished\":\"2024-12-07T10:13:21+00:00\",\"dateModified\":\"2026-04-18T17:50:16+00:00\",\"description\":\"Explore Flare International global mobility services: visa consultation, relocation management, second residency, and citizenship planning.\",\"breadcrumb\":{\"@id\":\"https:\\\/\\\/flareintl.com\\\/services\\\/#breadcrumb\"},\"inLanguage\":\"pt-BR\",\"potentialAction\":[{\"@type\":\"ReadAction\",\"target\":[\"https:\\\/\\\/flareintl.com\\\/services\\\/\"]}]},{\"@type\":\"BreadcrumbList\",\"@id\":\"https:\\\/\\\/flareintl.com\\\/services\\\/#breadcrumb\",\"itemListElement\":[{\"@type\":\"ListItem\",\"position\":1,\"name\":\"Home\",\"item\":\"https:\\\/\\\/flareintl.com\\\/\"},{\"@type\":\"ListItem\",\"position\":2,\"name\":\"Services\"}]},{\"@type\":\"WebSite\",\"@id\":\"https:\\\/\\\/flareintl.com\\\/#website\",\"url\":\"https:\\\/\\\/flareintl.com\\\/\",\"name\":\"Flare International\",\"description\":\"Achieve Global Mobility. Discover Freedom.\",\"publisher\":{\"@id\":\"https:\\\/\\\/flareintl.com\\\/#organization\"},\"potentialAction\":[{\"@type\":\"SearchAction\",\"target\":{\"@type\":\"EntryPoint\",\"urlTemplate\":\"https:\\\/\\\/flareintl.com\\\/?s={search_term_string}\"},\"query-input\":{\"@type\":\"PropertyValueSpecification\",\"valueRequired\":true,\"valueName\":\"search_term_string\"}}],\"inLanguage\":\"pt-BR\"},{\"@type\":\"Organization\",\"@id\":\"https:\\\/\\\/flareintl.com\\\/#organization\",\"name\":\"Flare International\",\"url\":\"https:\\\/\\\/flareintl.com\\\/\",\"logo\":{\"@type\":\"ImageObject\",\"inLanguage\":\"pt-BR\",\"@id\":\"https:\\\/\\\/flareintl.com\\\/#\\\/schema\\\/logo\\\/image\\\/\",\"url\":\"https:\\\/\\\/flareintl.com\\\/wp-content\\\/uploads\\\/2026\\\/03\\\/flare-logo-transparent-scaled.png\",\"contentUrl\":\"https:\\\/\\\/flareintl.com\\\/wp-content\\\/uploads\\\/2026\\\/03\\\/flare-logo-transparent-scaled.png\",\"width\":2560,\"height\":782,\"caption\":\"Flare International\"},\"image\":{\"@id\":\"https:\\\/\\\/flareintl.com\\\/#\\\/schema\\\/logo\\\/image\\\/\"},\"sameAs\":[\"https:\\\/\\\/www.youtube.com\\\/channel\\\/UCjAeWnk1mdPqFkTaBa87MeQ\",\"https:\\\/\\\/www.instagram.com\\\/seniority.exe\"]}]}<\/script>\n<!-- \/ Yoast SEO Premium plugin. -->","yoast_head_json":{"title":"Our Services | Flare International","description":"Explore Flare International global mobility services: visa consultation, relocation management, second residency, and citizenship planning.","robots":{"index":"index","follow":"follow","max-snippet":"max-snippet:-1","max-image-preview":"max-image-preview:large","max-video-preview":"max-video-preview:-1"},"canonical":"https:\/\/flareintl.com\/pt\/services\/","og_locale":"pt_BR","og_type":"article","og_title":"Services","og_description":"Explore Flare International global mobility services: visa consultation, relocation management, second residency, and citizenship planning.","og_url":"https:\/\/flareintl.com\/pt\/services\/","og_site_name":"Flare International","article_modified_time":"2026-04-18T17:50:16+00:00","og_image":[{"width":2560,"height":1707,"url":"https:\/\/flareintl.com\/wp-content\/uploads\/2025\/01\/business-people-in-train-station-2024-10-18-07-22-12-utc-scaled.jpg","type":"image\/jpeg"}],"twitter_card":"summary_large_image","twitter_misc":{"Est. tempo de leitura":"2 minutos"},"schema":{"@context":"https:\/\/schema.org","@graph":[{"@type":"WebPage","@id":"https:\/\/flareintl.com\/services\/","url":"https:\/\/flareintl.com\/services\/","name":"Our Services | Flare International","isPartOf":{"@id":"https:\/\/flareintl.com\/#website"},"datePublished":"2024-12-07T10:13:21+00:00","dateModified":"2026-04-18T17:50:16+00:00","description":"Explore Flare International global mobility services: visa consultation, relocation management, second residency, and citizenship planning.","breadcrumb":{"@id":"https:\/\/flareintl.com\/services\/#breadcrumb"},"inLanguage":"pt-BR","potentialAction":[{"@type":"ReadAction","target":["https:\/\/flareintl.com\/services\/"]}]},{"@type":"BreadcrumbList","@id":"https:\/\/flareintl.com\/services\/#breadcrumb","itemListElement":[{"@type":"ListItem","position":1,"name":"Home","item":"https:\/\/flareintl.com\/"},{"@type":"ListItem","position":2,"name":"Services"}]},{"@type":"WebSite","@id":"https:\/\/flareintl.com\/#website","url":"https:\/\/flareintl.com\/","name":"Flare International","description":"Achieve Global Mobility. Discover Freedom.","publisher":{"@id":"https:\/\/flareintl.com\/#organization"},"potentialAction":[{"@type":"SearchAction","target":{"@type":"EntryPoint","urlTemplate":"https:\/\/flareintl.com\/?s={search_term_string}"},"query-input":{"@type":"PropertyValueSpecification","valueRequired":true,"valueName":"search_term_string"}}],"inLanguage":"pt-BR"},{"@type":"Organization","@id":"https:\/\/flareintl.com\/#organization","name":"Flare International","url":"https:\/\/flareintl.com\/","logo":{"@type":"ImageObject","inLanguage":"pt-BR","@id":"https:\/\/flareintl.com\/#\/schema\/logo\/image\/","url":"https:\/\/flareintl.com\/wp-content\/uploads\/2026\/03\/flare-logo-transparent-scaled.png","contentUrl":"https:\/\/flareintl.com\/wp-content\/uploads\/2026\/03\/flare-logo-transparent-scaled.png","width":2560,"height":782,"caption":"Flare International"},"image":{"@id":"https:\/\/flareintl.com\/#\/schema\/logo\/image\/"},"sameAs":["https:\/\/www.youtube.com\/channel\/UCjAeWnk1mdPqFkTaBa87MeQ","https:\/\/www.instagram.com\/seniority.exe"]}]}},"jetpack_sharing_enabled":true,"_links":{"self":[{"href":"https:\/\/flareintl.com\/pt\/wp-json\/wp\/v2\/pages\/22","targetHints":{"allow":["GET"]}}],"collection":[{"href":"https:\/\/flareintl.com\/pt\/wp-json\/wp\/v2\/pages"}],"about":[{"href":"https:\/\/flareintl.com\/pt\/wp-json\/wp\/v2\/types\/page"}],"author":[{"embeddable":true,"href":"https:\/\/flareintl.com\/pt\/wp-json\/wp\/v2\/users\/3"}],"replies":[{"embeddable":true,"href":"https:\/\/flareintl.com\/pt\/wp-json\/wp\/v2\/comments?post=22"}],"version-history":[{"count":1,"href":"https:\/\/flareintl.com\/pt\/wp-json\/wp\/v2\/pages\/22\/revisions"}],"predecessor-version":[{"id":17376,"href":"https:\/\/flareintl.com\/pt\/wp-json\/wp\/v2\/pages\/22\/revisions\/17376"}],"wp:attachment":[{"href":"https:\/\/flareintl.com\/pt\/wp-json\/wp\/v2\/media?parent=22"}],"curies":[{"name":"wp","href":"https:\/\/api.w.org\/{rel}","templated":true}]}}